{"id":748,"date":"2022-09-15T05:41:47","date_gmt":"2022-09-15T05:41:47","guid":{"rendered":"https:\/\/demo.creativethemes.com\/elementor\/barber-shop\/?page_id=748"},"modified":"2025-12-21T18:27:43","modified_gmt":"2025-12-21T18:27:43","slug":"uber-uns","status":"publish","type":"page","link":"https:\/\/mcs-brandschutz.com\/?page_id=748","title":{"rendered":"\u00dcBER UNS"},"content":{"rendered":"\t\t<div data-elementor-type=\"wp-page\" data-elementor-id=\"748\" class=\"elementor elementor-748\">\n\t\t\t\t<div class=\"elementor-element elementor-element-3bde765 e-flex e-con-boxed e-con e-parent\" data-id=\"3bde765\" data-element_type=\"container\" data-settings=\"{&quot;background_background&quot;:&quot;classic&quot;}\">\n\t\t\t\t\t<div class=\"e-con-inner\">\n\t\t\t\t<div class=\"elementor-element elementor-element-d3de8d8 elementor-widget elementor-widget-heading\" data-id=\"d3de8d8\" data-element_type=\"widget\" data-widget_type=\"heading.default\">\n\t\t\t\t<div class=\"elementor-widget-container\">\n\t\t\t\t\t<h6 class=\"elementor-heading-title elementor-size-default\"><h6 class=\"el-title uk-heading-small uk-margin-top uk-margin-remove-bottom\" style=\"font-weight: 300;text-transform: none;font-size: 54px;line-height: 1.2;font-style: normal;letter-spacing: normal;text-align: start;text-decoration-;margin-bottom: 0px !important\">\u00dcber uns<\/h6><h5 style=\"font-size: inherit;text-align: inherit;font-family: Roboto;font-weight: 500;font-style: var(--fontStyle, inherit);letter-spacing: var(--letterSpacing);text-transform: var(--textTransform)\">Erfahren Sie mehr \u00fcber unser Unternehmen\n<\/h5><\/h6>\t\t\t\t<\/div>\n\t\t\t\t<\/div>\n\t\t\t\t\t<\/div>\n\t\t\t\t<\/div>\n\t\t<div class=\"elementor-element elementor-element-84aefdf e-flex e-con-boxed e-con e-parent\" data-id=\"84aefdf\" data-element_type=\"container\" data-settings=\"{&quot;background_background&quot;:&quot;classic&quot;}\">\n\t\t\t\t\t<div class=\"e-con-inner\">\n\t\t<div class=\"elementor-element elementor-element-0dad12d e-con-full e-flex e-con e-child\" data-id=\"0dad12d\" data-element_type=\"container\">\n\t\t\t\t<div class=\"elementor-element elementor-element-4841731 elementor-widget elementor-widget-heading\" data-id=\"4841731\" data-element_type=\"widget\" data-widget_type=\"heading.default\">\n\t\t\t\t<div class=\"elementor-widget-container\">\n\t\t\t\t\t<h2 class=\"elementor-heading-title elementor-size-default\"><div class=\"uk-margin-small uk-container uk-container-expand\" style=\"max-width: none;margin-left: auto;margin-right: auto;padding-left: 0px;padding-right: 0px;margin-bottom: 10px;font-family: Roboto;font-size: 16px;font-weight: 300\"><div class=\"uk-grid tm-grid-expand\" style=\"flex-wrap: wrap;margin: 0px 0px 0px -40px;padding: 0px\"><div class=\"uk-width-1-3@m uk-first-column\" style=\"margin: 0px;padding-left: 40px;width: 413.406px;max-width: 100%;flex-grow: 1\"><h2 class=\"uk-h3 uk-heading-line\" style=\"font-weight: 700;text-transform: uppercase;font-size: 22px;line-height: 1.4;overflow: hidden\"><span style=\"position: relative\">ERFAHRUNG<\/span><\/h2><\/div><div class=\"uk-width-2-3@m\" style=\"margin: 0px;padding-left: 40px;width: 826.609px;max-width: 100%;flex-grow: 1\"><div class=\"uk-panel uk-margin\" style=\"position: relative;margin-bottom: 20px\"><p style=\"margin-bottom: 20px\"><\/p><p style=\"margin-top: 20px;margin-bottom: 0px\">Wir sind ein inhabergef\u00fchrtes Unternehmen. Unser&nbsp;ganzheitliches Konzept&nbsp;stellt den Kunden in den Fokus, um&nbsp;das Maximum an Know-How und Service bieten zu k\u00f6nnen. Unser Team besteht aus&nbsp;umfassend qualifizierten Mitarbeitern, die \u00fcber Erfahrung im Bereich des Brandschutzes mitbringen.<\/p><\/div><div class=\"uk-margin\" style=\"margin-bottom: 20px;margin-top: 20px !important\"><img decoding=\"async\" src=\"https:\/\/i.ibb.co\/bgGZKmdF\/ebf59403-929e-46e4-a706-2544cd346ee0.jpg\"><img loading=\"lazy\" decoding=\"async\" src=\"https:\/\/i.ibb.co\/zW0JMdkR\/9f633be8-e045-43ef-86c4-537e2bf60094.jpg\" width=\"600\" height=\"1200\" class=\"el-image\" alt=\"\" loading=\"lazy\"><\/div><div class=\"uk-panel uk-margin\" style=\"position: relative;margin-bottom: 0px;margin-top: 20px !important\"><p style=\"margin-bottom: 0px\">Dar\u00fcber hinaus arbeiten wir eng mit Lieferanten und Partnerfirmen&nbsp;zusammen, was es uns erm\u00f6glicht, auch Leistungen angrenzend&nbsp;an das entsprechende brandschutztechnische Gewerk anzubieten,&nbsp;und so dem Kunden nicht nur ein ganzheitliches Konzept bieten zu k\u00f6nnen,&nbsp;sondern auch den Verwaltungsaufwand des Kunden zu minimieren,&nbsp;Probleml\u00f6sungen zu vereinfachen und die Qualit\u00e4t&nbsp;der erbrachten Leistungen zu erh\u00f6hen.<\/p><\/div><\/div><\/div><\/div><div class=\"uk-grid tm-grid-expand uk-child-width-1-1 uk-grid-margin\" style=\"flex-wrap: wrap;margin: 40px 0px 0px -40px;padding: 0px;font-family: Roboto;font-size: 16px;font-weight: 300\"><div class=\"uk-width-1-1\" style=\"margin: 0px;padding-left: 40px;width: 1240px;max-width: 100%;flex-grow: 1\"><\/div><\/div><div class=\"uk-margin-small uk-container uk-container-expand\" style=\"max-width: none;margin-left: auto;margin-right: auto;padding-left: 0px;padding-right: 0px;margin-bottom: 10px;font-family: Roboto;font-size: 16px;font-weight: 300;margin-top: 10px !important\"><div class=\"uk-grid tm-grid-expand\" style=\"flex-wrap: wrap;margin: 0px 0px 0px -40px;padding: 0px\"><div class=\"uk-width-1-3@m uk-first-column\" style=\"margin: 0px;padding-left: 40px;width: 413.406px;max-width: 100%;flex-grow: 1\"><h2 class=\"uk-h3 uk-heading-line\" style=\"font-weight: 700;text-transform: uppercase;font-size: 22px;line-height: 1.4;overflow: hidden\"><span style=\"position: relative\">FUHRPARK<\/span><\/h2><\/div><div class=\"uk-width-2-3@m\" style=\"margin: 0px;padding-left: 40px;width: 826.609px;max-width: 100%;flex-grow: 1\"><div class=\"uk-margin\" style=\"margin-bottom: 20px\"><img loading=\"lazy\" decoding=\"async\" src=\"https:\/\/i.ibb.co\/G54Tfxg\/Fahrzeugregal-fuer-Transporter.jpg\" width=\"700\" height=\"600\" class=\"el-image\" alt=\"\" loading=\"lazy\"><\/div><div class=\"uk-panel uk-margin\" style=\"position: relative;margin-bottom: 0px;margin-top: 20px !important\"><p style=\"margin-bottom: 20px\">MCS Brandschutz verf\u00fcgt \u00fcber moderne Werkstattwagen mit Euro 6-Plaketten, durch die ein Beitrag zum Klimaschutz geleistet wird.&nbsp;<\/p><p style=\"margin-top: 20px;margin-bottom: 0px\">In jedem Fahrzeug ist ein zweckm\u00e4\u00dfiger Werkstatteinbau vorhanden, sowie ausreichend Stauraum, um alle n\u00f6tigen Werkzeuge vor Ort zur Verf\u00fcgung zu haben und auf unvorhergesehene Ereignisse und Bed\u00fcrfnisse vorbereitet zu sein.<\/p><\/div><\/div><\/div><\/div><div class=\"uk-grid tm-grid-expand uk-child-width-1-1 uk-grid-margin\" style=\"flex-wrap: wrap;margin: 40px 0px 0px -40px;padding: 0px;font-family: Roboto;font-size: 16px;font-weight: 300\"><div class=\"uk-width-1-1\" style=\"margin: 0px;padding-left: 40px;width: 1240px;max-width: 100%;flex-grow: 1\"><\/div><\/div><div class=\"uk-margin-small uk-container uk-container-expand\" style=\"max-width: none;margin-left: auto;margin-right: auto;padding-left: 0px;padding-right: 0px;margin-bottom: 0px;font-family: Roboto;font-size: 16px;font-weight: 300;margin-top: 10px !important\"><div class=\"uk-grid tm-grid-expand\" style=\"flex-wrap: wrap;margin: 0px 0px 0px -40px;padding: 0px\"><div class=\"uk-width-1-3@m uk-first-column\" style=\"margin: 0px;padding-left: 40px;width: 413.406px;max-width: 100%;flex-grow: 1\"><h2 class=\"uk-h3 uk-heading-line\" style=\"font-weight: 700;text-transform: uppercase;font-size: 22px;line-height: 1.4;overflow: hidden\"><span style=\"position: relative\">NACHHALTIGKEIT<\/span><\/h2><\/div><div class=\"uk-width-2-3@m\" style=\"margin: 0px;padding-left: 40px;width: 826.609px;max-width: 100%;flex-grow: 1\"><div class=\"uk-margin\" style=\"margin-bottom: 20px\"><img loading=\"lazy\" decoding=\"async\" src=\"https:\/\/static.wixstatic.com\/media\/d3dbdf_73a41c92692a45d68151f9f94eeaeca7~mv2.jpeg\/v1\/fill\/w_1080,h_515,al_c,q_85,enc_avif,quality_auto\/Brandwache_frankfurt.jpeg\" width=\"1000\" height=\"600\" class=\"el-image\" alt=\"\" loading=\"lazy\"><\/div><div class=\"uk-panel uk-margin\" style=\"position: relative;margin-bottom: 0px;margin-top: 20px !important\"><p style=\"margin-bottom: 20px\">Die Themen Klimaschutz und Energieeffizienz sowie der nachhaltige Umgang mit Ressourcen sind uns wichtig.&nbsp;Denn wer dauerhaft Energie und Ressourcen einspart entlastet nicht nur die Umwelt, sondern hat auch einen echten Wettbewerbsvorteil.<\/p>&lt;p style=&quot;margin-top: 20px; margin-bottom: 20px;&quot;<\/p><\/div><\/div><\/div><\/div><div class=\"uk-panel uk-margin\" style=\"position: relative;margin-bottom: 20px;font-family: Roboto;font-size: 16px;font-weight: 300\"><div class=\"uk-width-1-3@m uk-first-column\" style=\"margin: 0px;padding-left: 40px;width: 413.406px;max-width: 100%;flex-grow: 1\"><h2 class=\"uk-h3 uk-heading-line\" style=\"font-weight: 700;text-transform: uppercase;font-size: 22px;line-height: 1.4;overflow: hidden\"><\/h2><\/div><\/div><\/h2>\t\t\t\t<\/div>\n\t\t\t\t<\/div>\n\t\t\t\t<\/div>\n\t\t\t\t\t<\/div>\n\t\t\t\t<\/div>\n\t\t\t\t<\/div>\n\t\t","protected":false},"excerpt":{"rendered":"<p>\u00dcber uns Erfahren Sie mehr \u00fcber unser Unternehmen ERFAHRUNG Wir sind ein inhabergef\u00fchrtes Unternehmen. Unser&nbsp;ganzheitliches Konzept&nbsp;stellt den Kunden in den Fokus, um&nbsp;das Maximum an Know-How und Service bieten zu k\u00f6nnen. Unser Team besteht aus&nbsp;umfassend qualifizierten Mitarbeitern, die \u00fcber Erfahrung im Bereich des Brandschutzes mitbringen. Dar\u00fcber hinaus arbeiten wir eng mit Lieferanten und Partnerfirmen&nbsp;zusammen, was es [&hellip;]<\/p>\n","protected":false},"author":3,"featured_media":0,"parent":0,"menu_order":0,"comment_status":"closed","ping_status":"closed","template":"","meta":{"footnotes":""},"class_list":["post-748","page","type-page","status-publish","hentry"],"blocksy_meta":{"page_title_panel":"","has_hero_section":"disabled","2e59dad8227294feed54473d3594dbd4":"","hero_section":"type-1","hero_elements":[{"id":"custom_title","enabled":true,"heading_tag":"h1","title":"Home"},{"id":"custom_description","enabled":true,"description_visibility":{"desktop":true,"tablet":true,"mobile":false}},{"id":"custom_meta","enabled":false,"meta_elements":[{"id":"author","enabled":true,"label":"By","has_author_avatar":"yes","avatar_size":25},{"id":"post_date","enabled":true,"label":"On","date_format_source":"default","date_format":"M j, Y"},{"id":"updated_date","enabled":false,"label":"On","date_format_source":"default","date_format":"M j, Y"},{"id":"categories","enabled":false,"label":"In","style":"simple"},{"id":"comments","enabled":true}],"page_meta_elements":{"joined":true,"articles_count":true,"comments":true}},{"id":"breadcrumbs","enabled":false}],"537d56c5b28c61e5ed91059780569ad8":"","hero_alignment1":"CT_CSS_SKIP_RULE","hero_margin":40,"hero_alignment2":"center","hero_vertical_alignment":"center","0e79794dce38f0472dd7519f2cb51888":"","hero_structure":"narrow","9fb8cdf5e30614fefdebc355eeae5d0c":"","page_title_bg_type":"featured_image","custom_hero_background":{"attachment_id":null},"page_title_image_size":"full","parallax":{"desktop":false,"tablet":false,"mobile":false},"5d53d056e8abc09631e2191ded4e767b":"","hero_height":"250px","pageTitleFont":{"family":"Default","variation":"Default","size":"30px","line-height":"CT_CSS_SKIP_RULE","letter-spacing":"CT_CSS_SKIP_RULE","text-transform":"CT_CSS_SKIP_RULE","text-decoration":"CT_CSS_SKIP_RULE"},"pageTitleFontColor":{"default":{"color":"CT_CSS_SKIP_RULEDEFAULT"}},"pageMetaFont":{"family":"Default","variation":"n6","size":"12px","line-height":"1.3","letter-spacing":"CT_CSS_SKIP_RULE","text-transform":"uppercase","text-decoration":"CT_CSS_SKIP_RULE"},"pageMetaFontColor":{"default":{"color":"CT_CSS_SKIP_RULEDEFAULT"},"hover":{"color":"CT_CSS_SKIP_RULEDEFAULT"}},"page_meta_button_type_font_colors":{"default":{"color":"CT_CSS_SKIP_RULEDEFAULT"},"hover":{"color":"CT_CSS_SKIP_RULEDEFAULT"}},"page_meta_button_type_background_colors":{"default":{"color":"CT_CSS_SKIP_RULEDEFAULT"},"hover":{"color":"CT_CSS_SKIP_RULEDEFAULT"}},"pageExcerptFont":{"family":"Default","variation":"Default","size":"CT_CSS_SKIP_RULE","line-height":"CT_CSS_SKIP_RULE","letter-spacing":"CT_CSS_SKIP_RULE","text-transform":"CT_CSS_SKIP_RULE","text-decoration":"CT_CSS_SKIP_RULE"},"pageExcerptColor":{"default":{"color":"CT_CSS_SKIP_RULEDEFAULT"}},"breadcrumbsFont":{"family":"Default","variation":"Default","size":"CT_CSS_SKIP_RULE","line-height":"CT_CSS_SKIP_RULE","letter-spacing":"CT_CSS_SKIP_RULE","text-transform":"CT_CSS_SKIP_RULE","text-decoration":"CT_CSS_SKIP_RULE"},"breadcrumbsFontColor":{"default":{"color":"CT_CSS_SKIP_RULEDEFAULT"},"initial":{"color":"CT_CSS_SKIP_RULEDEFAULT"},"hover":{"color":"CT_CSS_SKIP_RULEDEFAULT"}},"pageTitleOverlay":{"background_type":"color","background_pattern":"type-1","background_image":{"attachment_id":null,"x":0,"y":0},"gradient":"linear-gradient(135deg,rgba(6,147,227,1) 0%,rgb(155,81,224) 100%)","background_repeat":"repeat","background_size":"auto","background_attachment":"scroll","patternColor":{"default":{"color":"#e5e7ea"}},"overlayColor":{"default":{"color":"CT_CSS_SKIP_RULE"}},"backgroundColor":{"default":{"color":"CT_CSS_SKIP_RULE"}}},"pageTitleBackground":{"background_type":"color","background_pattern":"type-1","background_image":{"attachment_id":null,"x":0,"y":0},"gradient":"linear-gradient(135deg,rgba(6,147,227,1) 0%,rgb(155,81,224) 100%)","background_repeat":"repeat","background_size":"auto","background_attachment":"scroll","patternColor":{"default":{"color":"#e5e7ea"}},"overlayColor":{"default":{"color":"CT_CSS_SKIP_RULE"}},"backgroundColor":{"default":{"color":"var(--theme-palette-color-6)"}}},"pageTitlePadding":{"top":"50px","bottom":"50px","left":"auto","right":"auto","linked":true},"8bb43b79cefdd10c89a5d1f9878d259a":"","page_structure_type":"default","e918a791777c2820c36219cbce4a1de3":"","content_style_source":"inherit","content_style":"wide","vertical_spacing_source":"custom","content_area_spacing":"none","background":{"background_type":"color","background_pattern":"type-1","background_image":{"attachment_id":null,"x":0,"y":0},"gradient":"linear-gradient(135deg,rgba(6,147,227,1) 0%,rgb(155,81,224) 100%)","background_repeat":"repeat","background_size":"auto","background_attachment":"scroll","patternColor":{"default":{"color":"#e5e7ea"}},"overlayColor":{"default":{"color":"CT_CSS_SKIP_RULE"}},"backgroundColor":{"default":{"color":"CT_CSS_SKIP_RULE"}}},"content_background":{"background_type":"color","background_pattern":"type-1","background_image":{"attachment_id":null,"x":0,"y":0},"gradient":"linear-gradient(135deg,rgba(6,147,227,1) 0%,rgb(155,81,224) 100%)","background_repeat":"repeat","background_size":"auto","background_attachment":"scroll","patternColor":{"default":{"color":"#e5e7ea"}},"overlayColor":{"default":{"color":"CT_CSS_SKIP_RULE"}},"backgroundColor":{"default":{"color":"var(--theme-palette-color-8)"}}},"content_boxed_shadow":{"inherit":false,"blur":18,"spread":-6,"v_offset":12,"h_offset":0,"inset":false,"enable":true,"color":{"color":"rgba(34, 56, 101, 0.04)"}},"content_boxed_border":{"width":1,"style":"none","color":{"color":"rgba(44,62,80,0.2)"}},"content_boxed_radius":{"top":"3px","bottom":"3px","left":"3px","right":"3px","linked":true},"boxed_content_spacing":{"desktop":{"top":"40px","bottom":"40px","left":"40px","right":"40px","linked":true},"tablet":{"top":"35px","bottom":"35px","left":"35px","right":"35px","linked":true},"mobile":{"top":"20px","bottom":"20px","left":"20px","right":"20px","linked":true}},"6fd63f5dc8ecf4397e29921432bd2f60":"","disable_featured_image":"no","disable_share_box":"no","disable_header":"no","disable_footer":"no","styles_descriptor":{"styles":{"desktop":"","tablet":"","mobile":""},"google_fonts":[],"version":6}},"aioseo_notices":[],"_links":{"self":[{"href":"https:\/\/mcs-brandschutz.com\/index.php?rest_route=\/wp\/v2\/pages\/748","targetHints":{"allow":["GET"]}}],"collection":[{"href":"https:\/\/mcs-brandschutz.com\/index.php?rest_route=\/wp\/v2\/pages"}],"about":[{"href":"https:\/\/mcs-brandschutz.com\/index.php?rest_route=\/wp\/v2\/types\/page"}],"author":[{"embeddable":true,"href":"https:\/\/mcs-brandschutz.com\/index.php?rest_route=\/wp\/v2\/users\/3"}],"replies":[{"embeddable":true,"href":"https:\/\/mcs-brandschutz.com\/index.php?rest_route=%2Fwp%2Fv2%2Fcomments&post=748"}],"version-history":[{"count":103,"href":"https:\/\/mcs-brandschutz.com\/index.php?rest_route=\/wp\/v2\/pages\/748\/revisions"}],"predecessor-version":[{"id":1884,"href":"https:\/\/mcs-brandschutz.com\/index.php?rest_route=\/wp\/v2\/pages\/748\/revisions\/1884"}],"wp:attachment":[{"href":"https:\/\/mcs-brandschutz.com\/index.php?rest_route=%2Fwp%2Fv2%2Fmedia&parent=748"}],"curies":[{"name":"wp","href":"https:\/\/api.w.org\/{rel}","templated":true}]}}